{"id":155,"date":"2019-09-05T15:37:17","date_gmt":"2019-09-05T15:37:17","guid":{"rendered":"http:\/\/marionruault.com\/?page_id=155"},"modified":"2026-03-04T14:29:41","modified_gmt":"2026-03-04T14:29:41","slug":"about","status":"publish","type":"page","link":"https:\/\/marionruault.com\/?page_id=155","title":{"rendered":"ABOUT"},"content":{"rendered":"<p>[et_pb_section fb_built=&#8221;1&#8243; _builder_version=&#8221;3.27.2&#8243; background_image=&#8221;http:\/\/marionruault.com\/wp-content\/uploads\/2019\/02\/5.Bagues.jpg&#8221; min_height=&#8221;437px&#8221; custom_margin=&#8221;||-45px|||&#8221; custom_padding=&#8221;0px||0px|||&#8221; fb_built=&#8221;1&#8243; _i=&#8221;0&#8243; _address=&#8221;0&#8243;][\/et_pb_section][et_pb_section fb_built=&#8221;1&#8243; _builder_version=&#8221;3.27.2&#8243; background_color=&#8221;#5a0c1c&#8221; fb_built=&#8221;1&#8243; _i=&#8221;1&#8243; _address=&#8221;1&#8243;][et_pb_row column_structure=&#8221;1_2,1_2&#8243; _builder_version=&#8221;3.27.2&#8243; _i=&#8221;0&#8243; _address=&#8221;1.0&#8243;][et_pb_column type=&#8221;1_2&#8243; _builder_version=&#8221;3.27.2&#8243; _i=&#8221;0&#8243; _address=&#8221;1.0.0&#8243;][et_pb_text _builder_version=&#8221;3.27.2&#8243; _i=&#8221;0&#8243; _address=&#8221;1.0.0.0&#8243;]<\/p>\n<p class=\"p1\" style=\"text-align: center;\"><span class=\"s1\"><b>FRAN\u00c7AIS<\/b><\/span><\/p>\n<p style=\"text-align: center;\">\n<p style=\"text-align: center;\"><span>\u00a0<\/span><b>Marion Ruault est une contrebassiste, improvisatrice et compositrice Fran\u00e7aise.<\/b><\/p>\n<p style=\"text-align: center;\">\u00a0<span>\u00a0N\u00e9e dans le Sud de la France en 1991, c\u2019est lors de ses \u00e9tudes secondaires que Marion d\u00e9cide de commencer la musique.\u00a0Elle d\u00e9bute avec le piano, puis la batterie et se consacre ensuite \u00e0 la basse \u00e9lectrique et la contrebasse.<\/span><\/p>\n<p class=\"p3\" style=\"text-align: center;\">Dipl\u00f4m\u00e9e du <b>Conservatoire de Lyon<\/b> et de l&#8217;<b>\u00e9cole Didier Lockwood<\/b>, elle \u00e9tudie le <b>Classique<\/b>, le <b>Jazz<\/b>, les <b>Musiques actuelles et improvis\u00e9es<\/b> aupr\u00e8s de grands musiciens et p\u00e9dagogues. Parmi eux <b>Dominique Di Piazza<\/b>, <b>Chris Jennings<\/b>,\u00a0<b>Jean Philippe Viret,<\/b><b> Andr\u00e9 Charlier, Benoit Sourisse, St\u00e9phane Guillaume<\/b>,<b>\u00a0<\/b>Pierre de Bethmann, Franck Aghulon, Diego Imbert, Manu Codjia,<b> <\/b>Felipe Cabrera, Edouard Prabhu,\u00a0J\u00e9r\u00f4me Regard.<\/p>\n<p class=\"p3\" style=\"text-align: center;\">Naviguant entre <b>plusieurs styles de musique<\/b>, elle collabore<b> avec des artistes et improvisateurs prestigieux<\/b> tels que <b>Scott Hamilton<\/b>, <b>William Galison<\/b> (Bagdad caf\u00e9 \/ Sting), <b>Sandy Patton<\/b> (Lionel Hampton ensemble), <b>Natacha Atlas<\/b>, <b>Sanseverino<\/b>, <b>Daniel Huck<\/b> (Eddy Louiss), <b>Marc Thomas<\/b> (Claude Bolling Big Band), Malcolm Braff, Diego Pinera.<\/p>\n<p class=\"p3\" style=\"text-align: center;\">De m\u00eame, elle se produit dans de <b>nombreuses salles et festivals<\/b>\u00a0comme\u00a0<b>Jazz in Marciac<\/b><strong>, Jazz \u00e0 Vienne,\u00a0Festival des Nuits de Fourvi\u00e8re<\/strong>, Jazz \u00e0 Saint R\u00e9my de Provence, Un Doua de Jazz, L&#8217;Auditorium Lumi\u00e8re, Le Th\u00e9\u00e2tre Jacques c\u0153ur, Le Karavan Th\u00e9\u00e2tre, Le Transbordeur, L\u2019Op\u00e9ra de Toulon, Le Th\u00e9\u00e2tre de sens, La Cigali\u00e8re,\u00a0Jazzablanca.<\/p>\n<p class=\"p3\" style=\"text-align: center;\">Au cours des ann\u00e9es, elle a l\u2019opportunit\u00e9 de jouer dans<b>\u00a0diff\u00e9rents pays, <\/b>nottament en Europe, en Afrique<b>\u00a0<\/b>mais aussi Outre-Atlantique aux \u00c9tats Unis o\u00f9 elle \u00e9tudie \u00e0 l\u2019<strong>U<\/strong><b>niversit\u00e9 du Kentucky <\/b>(Northern University Of Kentucky) et participe aux <b>conf\u00e9rences du Jazz <\/b>(JEN) \u00e0 Louisville.<\/p>\n<p class=\"p3\" style=\"text-align: center;\">Cette exp\u00e9rience lui permet d\u2019assister \u00e0 de nombreuses Master classes avec de grands noms du Jazz tels que<b> Jamey Aebersold, Victor Wooten, Steeve Bailey, John Clayton<\/b> et d\u2019autres grands musiciens.<\/p>\n<p class=\"p3\" style=\"text-align: center;\">Depuis 2017, elle entretient un lien fort avec Berlin et la<b> sc\u00e8ne Berlinoise<\/b>. Elle s&#8217;y produit r\u00e9guli\u00e8rement principalement en Jazz, Musiques Improvis\u00e9es et se perfectionne sous le joug de <b>Jo\u00eblle L\u00e9andre<\/b> et de <b>Barre Phillips<\/b>\u00a0lors de diff\u00e9rents stages.<\/p>\n<p class=\"p3\" style=\"text-align: center;\">En 2022, Marion d\u00e9cide de sortir un premier<b> album solo &#8220;Free colors&#8221;,<\/b> accompagn\u00e9e de sa contrebasse, de sa voix, d\u2019un looper et de quelques effets pour \u00e9changer avec des <b>artistes de diff\u00e9rents horizons<\/b>: musiciens, po\u00e8tes danseurs, com\u00e9diens, performers, artistes visuels\u2026<\/p>\n<p class=\"p3\" style=\"text-align: center;\">En parall\u00e8le de ses projets artistiques, elle est \u00e9galement impliqu\u00e9e dans plusieurs <b>projets p\u00e9dagogiques, sociaux et culturels aupr\u00e8s de diff\u00e9rents publics.<\/b><\/p>\n<p class=\"p3\" style=\"text-align: center;\"><span>Elle participe \u00e0 la cr\u00e9ation du\u00a0<\/span><b>spectacle pour enfants<\/b><span>\u00a0\u00ab l\u2019\u00e9trange mus\u00e9e de Monsieur Hic \u00bb et travaille pendant 4 ans en <\/span><b>collaboration avec la maison de quartier de Chalon sur Sa\u00f4ne<\/b><span> sur le projet \u00ab Venez raconter vos Pr\u00e9s Saint-Jean \u00bb. Le but \u00e9tant de r\u00e9colter les t\u00e9moignages des habitants et de leur quartier puis d\u2019en faire une cr\u00e9ation musicale originale.<\/span><\/p>\n<p class=\"p3\" style=\"text-align: center;\">Depuis 2023 elle se forme en &#8220;<b>Life Art Process<\/b>&#8220;, une pratique qui trouve sa source dans la force expressive du corps en mouvement, auquel se combinent le dessin, l&#8217;\u00e9criture cr\u00e9ative, la voix, des techniques de performance, des outils de communication, des outils p\u00e9dagogiques et des outils th\u00e9rapeutiques.<\/p>\n<p class=\"p3\" style=\"text-align: center;\">Elle intervient r\u00e9guli\u00e8rement dans les h\u00f4pitaux d&#8217;\u00eele de France avec l&#8217;association &#8220;<b>Tournesol<\/b>&#8221; ainsi que dans plusieurs pays avec le festival &#8220;<b>voicingers<\/b>&#8221; pour y donner des concerts et workshops.<\/p>\n<p style=\"text-align: center;\">\n<p class=\"p3\" style=\"text-align: center;\">\n<p class=\"p3\" style=\"text-align: center;\"><b>Albums enregistr\u00e9s:<\/b><\/p>\n<p class=\"p3\" style=\"text-align: center;\">&#8211; Album &#8220;Sisters&#8221; avec NUBU<\/p>\n<p class=\"p3\" style=\"text-align: center;\">&#8211; Ep solo &#8220;Free Colors&#8221;<\/p>\n<p class=\"p3\" style=\"text-align: center;\">&#8211; Ep &#8220;What you sayin&#8217;?&#8221; avec NUBU<\/p>\n<p class=\"p3\" style=\"text-align: center;\">&#8211; Album &#8220;Focus Natural&#8221; avec Linda Jozefowski, Malcolm Braff, Diego Pinera<\/p>\n<p class=\"p3\" style=\"text-align: center;\">&#8211; Album &#8220;Non mais on va s&#8217;en sortir&#8221; de H\u00e9l\u00e8ne Piris avec Sanseverino<\/p>\n<p class=\"p3\" style=\"text-align: center;\">&#8211; Album &#8220;A new step&#8221; avec Cl\u00e9ment Dodray Quintet<\/p>\n<p class=\"p3\" style=\"text-align: center;\">&#8211; Spectacle &#8220;L&#8217;\u00e9trange Mus\u00e9e de Mr.Hic&#8221; avec le Grabben Orchestra<\/p>\n<p class=\"p3\" style=\"text-align: center;\">&#8211; Album &#8220;Morning View&#8221; de Tatiana Lamartine<\/p>\n<p class=\"p3\" style=\"text-align: center;\">&#8211; Album &#8220;Judy&#8221; avec Just Talk<\/p>\n<p>[\/et_pb_text][\/et_pb_column][et_pb_column type=&#8221;1_2&#8243; _builder_version=&#8221;3.27.2&#8243; _i=&#8221;1&#8243; _address=&#8221;1.0.1&#8243;][et_pb_text _builder_version=&#8221;3.27.2&#8243; _i=&#8221;0&#8243; _address=&#8221;1.0.1.0&#8243;]<\/p>\n<p style=\"text-align: center;\"><b>ENGLISH<\/b><b><\/b><\/p>\n<p style=\"text-align: center;\"><b><\/b><\/p>\n<p style=\"text-align: center;\">Marion Ruault is a French Bass player, Improviser and Composer.<\/p>\n<p style=\"text-align: center;\">Born in the South of France in 1991, she decided to start playing Music in high school.\u00a0Beginning with the piano, then the drums, she finally devoted herself to the electric bass and the Double bass.<\/p>\n<p style=\"text-align: center;\">In 2010, she joined the Conservatory of Toulon, followed by the National Conservatory of Lyon, studying Classical music, World music and specializing in Jazz\u00a0 and improvised music under the tutelage of the renowned French bass player J\u00e9r\u00f4me Regard.<\/p>\n<p style=\"text-align: center;\">In 2016, she graduated with &#8220;mention tr\u00e8s bien \u00e0 l\u2019unanimit\u00e9 du jury&#8221;, the highest attainable academic honors in French educational system.<br \/> Since 2017, she maintains a strong link with the Berlin scene, where she often performs mostly in Jazz and Improvised Music where she improves herself under the yoke of Jo\u00eblle L\u00e9andre and Barre Phillips during Master classes.<\/p>\n<p style=\"text-align: center;\">In 2019, she integrates the school \u201cDidier Lockwood\u201d in Paris, one of the best Jazz School in Europe and takes classes with amazing musiciens such as Dominique Di Piazza, Chris Jennings, Pierre de Bethmann, Franck Aghulon, Diego Imbert, Manu Codjia, Andr\u00e9 Charlier, Benoit Sourisse, Jean Michel Charbonnel, St\u00e9phane Guillaume, Thierry Fanfant, Jean Philippe Viret, Edouard Prabhu, Felipe Cabrera, Julien Hern\u00e9\u2026<\/p>\n<p style=\"text-align: center;\">Navigating between several styles of music, Marion collaborates with prestigious artists and improvisers such as Scott Hamilton, William Galison (Baghdad Coffee \/ Sting), Sandy Patton (Lionel Hampton ensemble), Natacha Atlas, Sanseverino, Malcolm Braff, Diego Pinera, Daniel Huck (Eddy Louiss), Marc Thomas (Claude Bolling Big Band), Denise King, Olivier Leclerc, &#8220;The International Female Musicians Collective\u00bb&#8230;<\/p>\n<p style=\"text-align: center;\">She also performs in many venues and festivals such as Jazz in Marciac, Jazz \u00e0 Vienne,\u00a0Jazz \u00e0 Saint R\u00e9my de Provence, Un Doua de Jazz, Festival des Nuits de Fourvi\u00e8re, L&#8217;Auditorium Lumi\u00e8re, Le Th\u00e9\u00e2tre Jacques c\u0153ur, Le Karavan Th\u00e9\u00e2tre, Le Transbordeur, L\u2019Op\u00e9ra de Toulon, Le Th\u00e9\u00e2tre de sens, La Cigali\u00e8re, Jazzablanca and many others.<\/p>\n<p style=\"text-align: center;\">Over the years, she had the opportunity to play in different countries, including Finlande, Algeria, Luxembourg, Italy, Belgium, Suisse, Morocco and Germany as well as across the Atlantic in the United States where she studied at the Northern University of Kentucky and participated in Jazz Education Network (JEN) at Louisville.<\/p>\n<p style=\"text-align: center;\">This experience will allowed her to attend multiple Master Classes with great names of jazz such as Jamey Aebersold, Victor Wooten, Steeve Bailey, John Clayton and other great musicians.<\/p>\n<p style=\"text-align: center;\">In 2022, She decided to launch a first solo album &#8220;Free colors&#8221;, accompanied by her doublebass, her voice, sound effects and a loop pedal to interact with artists from different horizons: musicians, poets, dancers, actors, performers, visual artists\u2026<\/p>\n<p style=\"text-align: center;\">Since 2023, she has been exploring &#8220;Life Art Process&#8221;, integrating expressive body movement with drawing, creative writing, voice, performance techniques, communication tools, and therapeutic approaches.<\/p>\n<p style=\"text-align: center;\">Besides her artistic projects, Marion engages in educational and cultural initiatives, offering courses, organizing workshops, and participating in various schools. She also contributes to social projects, collaborating on the creation of children&#8217;s shows and working on community-based musical creations.<\/p>\n<p style=\"text-align: center;\">Over the years, Marion has been involved in primary schools and worked with people with disabilities to promote artistic practices. She frequently performs in hospitals with the &#8220;Tournesol association\u00a0\u00bb and globally with the &#8220;voicingers&#8221; festival, delivering concerts and masterclasses all over the world.<\/p>\n<p style=\"text-align: center;\">\n<p style=\"text-align: center;\">\n<p style=\"text-align: center;\"><b>Recorded albums include:<\/b><b><\/b><\/p>\n<p style=\"text-align: center;\">&#8211; &#8220;Sisters&#8221; with NUBU<\/p>\n<p style=\"text-align: center;\">&#8211; Solo Album &#8220;Free Colors&#8221;<\/p>\n<p style=\"text-align: center;\">&#8211; Single \u00a0&#8220;What you sayin&#8217;?&#8221; with NUBU<\/p>\n<p style=\"text-align: center;\">&#8211; &#8220;Focus Natural&#8221; with Linda Jozefowski, Malcolm Braff, Diego Pinera<\/p>\n<p style=\"text-align: center;\">&#8211; &#8220;Non mais on va s&#8217;en sortir&#8221; by H\u00e9l\u00e8ne Piris with Sanseverino<\/p>\n<p style=\"text-align: center;\">\u00a0-&#8220;A new step&#8221; with Cl\u00e9ment Dodray Quintet<\/p>\n<p style=\"text-align: center;\">&#8211; &#8220;L\u2019\u00e9trange Mus\u00e9e de Mr.Hic&#8221; with Grabben Orchestra<\/p>\n<p style=\"text-align: center;\">&#8211; &#8220;Morning View&#8221; by Tatiana Lamartine<\/p>\n<p style=\"text-align: center;\">&#8211; &#8220;Judy&#8221; with Just Talk.<\/p>\n<p>[\/et_pb_text][\/et_pb_column][\/et_pb_row][\/et_pb_section][et_pb_section fb_built=&#8221;1&#8243; _builder_version=&#8221;3.27.2&#8243; background_color=&#8221;#ffffff&#8221; min_height=&#8221;320px&#8221; custom_margin=&#8221;-1px|||||&#8221; custom_padding=&#8221;||0px|||&#8221; fb_built=&#8221;1&#8243; _i=&#8221;2&#8243; _address=&#8221;2&#8243;][et_pb_row column_structure=&#8221;1_3,1_3,1_3&#8243; _builder_version=&#8221;3.27.2&#8243; _i=&#8221;0&#8243; _address=&#8221;2.0&#8243;][et_pb_column type=&#8221;1_3&#8243; _builder_version=&#8221;3.27.2&#8243; _i=&#8221;0&#8243; _address=&#8221;2.0.0&#8243;][et_pb_video src=&#8221;https:\/\/www.youtube.com\/watch?v=fygEt8M9sc4&#8243; _builder_version=&#8221;3.27.2&#8243; _i=&#8221;0&#8243; _address=&#8221;2.0.0.0&#8243;][\/et_pb_video][\/et_pb_column][et_pb_column type=&#8221;1_3&#8243; _builder_version=&#8221;3.27.2&#8243; _i=&#8221;1&#8243; _address=&#8221;2.0.1&#8243;][et_pb_text _builder_version=&#8221;3.27.2&#8243; _i=&#8221;0&#8243; _address=&#8221;2.0.1.0&#8243;]<\/p>\n<p style=\"text-align: center;\"><span style=\"color: #000000;\">\u201cAs a musician, I play various forms of music but I am drawn to Jazz, improvisation and interdisciplinary collaborations .\u00a0For me, improvisation is a form of meditation. In working with others I am confronted with questions, how to listen to others yet be myself. It is a process to be in the service of the present moment, dedicated to something bigger than myself.\u201d<\/span><\/p>\n<p style=\"text-align: center;\"><span style=\"color: #000000;\">Interview with Laura J. Lukitsch below<\/span><\/p>\n<p>[\/et_pb_text][\/et_pb_column][et_pb_column type=&#8221;1_3&#8243; _builder_version=&#8221;3.27.2&#8243; _i=&#8221;2&#8243; _address=&#8221;2.0.2&#8243;][et_pb_code _builder_version=&#8221;3.27.2&#8243; _i=&#8221;0&#8243; _address=&#8221;2.0.2.0&#8243;]<iframe loading=\"lazy\" title=\"Libsyn Player\" style=\"border: none\" src=\"\/\/html5-player.libsyn.com\/embed\/episode\/id\/11841968\/height\/90\/theme\/custom\/thumbnail\/yes\/direction\/backward\/render-playlist\/no\/custom-color\/b21e1e\/\" height=\"90\" width=\"100%\" scrolling=\"no\"  allowfullscreen webkitallowfullscreen mozallowfullscreen oallowfullscreen msallowfullscreen><\/iframe>[\/et_pb_code][\/et_pb_column][\/et_pb_row][\/et_pb_section][et_pb_section fb_built=&#8221;1&#8243; _builder_version=&#8221;3.27.2&#8243; background_color=&#8221;#5a0c1c&#8221; hover_enabled=&#8221;0&#8243;][et_pb_row _builder_version=&#8221;3.27.2&#8243;][et_pb_column _builder_version=&#8221;3.27.2&#8243; type=&#8221;4_4&#8243;][et_pb_video src=&#8221;https:\/\/www.youtube.com\/watch?v=pcsuU_liuf4&#038;t=1s&#8221; _builder_version=&#8221;3.27.2&#8243; hover_enabled=&#8221;0&#8243;][\/et_pb_video][\/et_pb_column][\/et_pb_row][\/et_pb_section]<\/p>\n","protected":false},"excerpt":{"rendered":"<p>[et_pb_section fb_built=&#8221;1&#8243; _builder_version=&#8221;3.27.2&#8243; background_image=&#8221;http:\/\/marionruault.com\/wp-content\/uploads\/2019\/02\/5.Bagues.jpg&#8221; min_height=&#8221;437px&#8221; custom_margin=&#8221;||-45px|||&#8221; custom_padding=&#8221;0px||0px|||&#8221; fb_built=&#8221;1&#8243; _i=&#8221;0&#8243; _address=&#8221;0&#8243;][\/et_pb_section][et_pb_section fb_built=&#8221;1&#8243; _builder_version=&#8221;3.27.2&#8243; background_color=&#8221;#5a0c1c&#8221; fb_built=&#8221;1&#8243; _i=&#8221;1&#8243; _address=&#8221;1&#8243;][et_pb_row column_structure=&#8221;1_2,1_2&#8243; _builder_version=&#8221;3.27.2&#8243; _i=&#8221;0&#8243; _address=&#8221;1.0&#8243;][et_pb_column type=&#8221;1_2&#8243; _builder_version=&#8221;3.27.2&#8243; _i=&#8221;0&#8243; _address=&#8221;1.0.0&#8243;][et_pb_text _builder_version=&#8221;3.27.2&#8243; _i=&#8221;0&#8243; _address=&#8221;1.0.0.0&#8243;] FRAN\u00c7AIS \u00a0Marion Ruault est une contrebassiste, improvisatrice et compositrice Fran\u00e7aise. \u00a0\u00a0N\u00e9e dans le Sud de la France en 1991, c\u2019est lors de ses \u00e9tudes secondaires que Marion d\u00e9cide [&hellip;]<\/p>\n","protected":false},"author":1,"featured_media":0,"parent":0,"menu_order":0,"comment_status":"closed","ping_status":"closed","template":"","meta":{"_et_pb_use_builder":"on","_et_pb_old_content":"","footnotes":""},"yoast_head":"<!-- This site is optimized with the Yoast SEO plugin v20.1 - https:\/\/yoast.com\/wordpress\/plugins\/seo\/ -->\n<title>ABOUT - Marion Ruault<\/title>\n<meta name=\"robots\" content=\"index, follow, max-snippet:-1, max-image-preview:large, max-video-preview:-1\" \/>\n<link rel=\"canonical\" href=\"http:\/\/marionruault.com\/?page_id=155\" \/>\n<meta property=\"og:locale\" content=\"en_US\" \/>\n<meta property=\"og:type\" content=\"article\" \/>\n<meta property=\"og:title\" content=\"ABOUT - Marion Ruault\" \/>\n<meta property=\"og:description\" content=\"[et_pb_section fb_built=&#8221;1&#8243; _builder_version=&#8221;3.27.2&#8243; background_image=&#8221;http:\/\/marionruault.com\/wp-content\/uploads\/2019\/02\/5.Bagues.jpg&#8221; min_height=&#8221;437px&#8221; custom_margin=&#8221;||-45px|||&#8221; custom_padding=&#8221;0px||0px|||&#8221; fb_built=&#8221;1&#8243; _i=&#8221;0&#8243; _address=&#8221;0&#8243;][\/et_pb_section][et_pb_section fb_built=&#8221;1&#8243; _builder_version=&#8221;3.27.2&#8243; background_color=&#8221;#5a0c1c&#8221; fb_built=&#8221;1&#8243; _i=&#8221;1&#8243; _address=&#8221;1&#8243;][et_pb_row column_structure=&#8221;1_2,1_2&#8243; _builder_version=&#8221;3.27.2&#8243; _i=&#8221;0&#8243; _address=&#8221;1.0&#8243;][et_pb_column type=&#8221;1_2&#8243; _builder_version=&#8221;3.27.2&#8243; _i=&#8221;0&#8243; _address=&#8221;1.0.0&#8243;][et_pb_text _builder_version=&#8221;3.27.2&#8243; _i=&#8221;0&#8243; _address=&#8221;1.0.0.0&#8243;] FRAN\u00c7AIS \u00a0Marion Ruault est une contrebassiste, improvisatrice et compositrice Fran\u00e7aise. \u00a0\u00a0N\u00e9e dans le Sud de la France en 1991, c\u2019est lors de ses \u00e9tudes secondaires que Marion d\u00e9cide [&hellip;]\" \/>\n<meta property=\"og:url\" content=\"http:\/\/marionruault.com\/?page_id=155\" \/>\n<meta property=\"og:site_name\" content=\"Marion Ruault\" \/>\n<meta property=\"article:modified_time\" content=\"2026-03-04T14:29:41+00:00\" \/>\n<meta name=\"twitter:card\" content=\"summary_large_image\" \/>\n<meta name=\"twitter:label1\" content=\"Est. reading time\" \/>\n\t<meta name=\"twitter:data1\" content=\"6 minutes\" \/>\n<script type=\"application\/ld+json\" class=\"yoast-schema-graph\">{\"@context\":\"https:\/\/schema.org\",\"@graph\":[{\"@type\":\"WebPage\",\"@id\":\"http:\/\/marionruault.com\/?page_id=155\",\"url\":\"http:\/\/marionruault.com\/?page_id=155\",\"name\":\"ABOUT - Marion Ruault\",\"isPartOf\":{\"@id\":\"https:\/\/marionruault.com\/#website\"},\"datePublished\":\"2019-09-05T15:37:17+00:00\",\"dateModified\":\"2026-03-04T14:29:41+00:00\",\"breadcrumb\":{\"@id\":\"http:\/\/marionruault.com\/?page_id=155#breadcrumb\"},\"inLanguage\":\"en-US\",\"potentialAction\":[{\"@type\":\"ReadAction\",\"target\":[\"http:\/\/marionruault.com\/?page_id=155\"]}]},{\"@type\":\"BreadcrumbList\",\"@id\":\"http:\/\/marionruault.com\/?page_id=155#breadcrumb\",\"itemListElement\":[{\"@type\":\"ListItem\",\"position\":1,\"name\":\"Accueil\",\"item\":\"https:\/\/marionruault.com\/\"},{\"@type\":\"ListItem\",\"position\":2,\"name\":\"ABOUT\"}]},{\"@type\":\"WebSite\",\"@id\":\"https:\/\/marionruault.com\/#website\",\"url\":\"https:\/\/marionruault.com\/\",\"name\":\"Marion Ruault\",\"description\":\"Musician, composer, improviser, performer\",\"potentialAction\":[{\"@type\":\"SearchAction\",\"target\":{\"@type\":\"EntryPoint\",\"urlTemplate\":\"https:\/\/marionruault.com\/?s={search_term_string}\"},\"query-input\":\"required name=search_term_string\"}],\"inLanguage\":\"en-US\"}]}<\/script>\n<!-- \/ Yoast SEO plugin. -->","yoast_head_json":{"title":"ABOUT - Marion Ruault","robots":{"index":"index","follow":"follow","max-snippet":"max-snippet:-1","max-image-preview":"max-image-preview:large","max-video-preview":"max-video-preview:-1"},"canonical":"http:\/\/marionruault.com\/?page_id=155","og_locale":"en_US","og_type":"article","og_title":"ABOUT - Marion Ruault","og_description":"[et_pb_section fb_built=&#8221;1&#8243; _builder_version=&#8221;3.27.2&#8243; background_image=&#8221;http:\/\/marionruault.com\/wp-content\/uploads\/2019\/02\/5.Bagues.jpg&#8221; min_height=&#8221;437px&#8221; custom_margin=&#8221;||-45px|||&#8221; custom_padding=&#8221;0px||0px|||&#8221; fb_built=&#8221;1&#8243; _i=&#8221;0&#8243; _address=&#8221;0&#8243;][\/et_pb_section][et_pb_section fb_built=&#8221;1&#8243; _builder_version=&#8221;3.27.2&#8243; background_color=&#8221;#5a0c1c&#8221; fb_built=&#8221;1&#8243; _i=&#8221;1&#8243; _address=&#8221;1&#8243;][et_pb_row column_structure=&#8221;1_2,1_2&#8243; _builder_version=&#8221;3.27.2&#8243; _i=&#8221;0&#8243; _address=&#8221;1.0&#8243;][et_pb_column type=&#8221;1_2&#8243; _builder_version=&#8221;3.27.2&#8243; _i=&#8221;0&#8243; _address=&#8221;1.0.0&#8243;][et_pb_text _builder_version=&#8221;3.27.2&#8243; _i=&#8221;0&#8243; _address=&#8221;1.0.0.0&#8243;] FRAN\u00c7AIS \u00a0Marion Ruault est une contrebassiste, improvisatrice et compositrice Fran\u00e7aise. \u00a0\u00a0N\u00e9e dans le Sud de la France en 1991, c\u2019est lors de ses \u00e9tudes secondaires que Marion d\u00e9cide [&hellip;]","og_url":"http:\/\/marionruault.com\/?page_id=155","og_site_name":"Marion Ruault","article_modified_time":"2026-03-04T14:29:41+00:00","twitter_card":"summary_large_image","twitter_misc":{"Est. reading time":"6 minutes"},"schema":{"@context":"https:\/\/schema.org","@graph":[{"@type":"WebPage","@id":"http:\/\/marionruault.com\/?page_id=155","url":"http:\/\/marionruault.com\/?page_id=155","name":"ABOUT - Marion Ruault","isPartOf":{"@id":"https:\/\/marionruault.com\/#website"},"datePublished":"2019-09-05T15:37:17+00:00","dateModified":"2026-03-04T14:29:41+00:00","breadcrumb":{"@id":"http:\/\/marionruault.com\/?page_id=155#breadcrumb"},"inLanguage":"en-US","potentialAction":[{"@type":"ReadAction","target":["http:\/\/marionruault.com\/?page_id=155"]}]},{"@type":"BreadcrumbList","@id":"http:\/\/marionruault.com\/?page_id=155#breadcrumb","itemListElement":[{"@type":"ListItem","position":1,"name":"Accueil","item":"https:\/\/marionruault.com\/"},{"@type":"ListItem","position":2,"name":"ABOUT"}]},{"@type":"WebSite","@id":"https:\/\/marionruault.com\/#website","url":"https:\/\/marionruault.com\/","name":"Marion Ruault","description":"Musician, composer, improviser, performer","potentialAction":[{"@type":"SearchAction","target":{"@type":"EntryPoint","urlTemplate":"https:\/\/marionruault.com\/?s={search_term_string}"},"query-input":"required name=search_term_string"}],"inLanguage":"en-US"}]}},"_links":{"self":[{"href":"https:\/\/marionruault.com\/index.php?rest_route=\/wp\/v2\/pages\/155"}],"collection":[{"href":"https:\/\/marionruault.com\/index.php?rest_route=\/wp\/v2\/pages"}],"about":[{"href":"https:\/\/marionruault.com\/index.php?rest_route=\/wp\/v2\/types\/page"}],"author":[{"embeddable":true,"href":"https:\/\/marionruault.com\/index.php?rest_route=\/wp\/v2\/users\/1"}],"replies":[{"embeddable":true,"href":"https:\/\/marionruault.com\/index.php?rest_route=%2Fwp%2Fv2%2Fcomments&post=155"}],"version-history":[{"count":133,"href":"https:\/\/marionruault.com\/index.php?rest_route=\/wp\/v2\/pages\/155\/revisions"}],"predecessor-version":[{"id":2894,"href":"https:\/\/marionruault.com\/index.php?rest_route=\/wp\/v2\/pages\/155\/revisions\/2894"}],"wp:attachment":[{"href":"https:\/\/marionruault.com\/index.php?rest_route=%2Fwp%2Fv2%2Fmedia&parent=155"}],"curies":[{"name":"wp","href":"https:\/\/api.w.org\/{rel}","templated":true}]}}